{"id":49,"date":"2012-02-22T12:23:04","date_gmt":"2012-02-22T12:23:04","guid":{"rendered":"https:\/\/extingoias.com.br\/site\/?page_id=49"},"modified":"2022-08-24T14:45:59","modified_gmt":"2022-08-24T14:45:59","slug":"servicos","status":"publish","type":"page","link":"https:\/\/extingoias.com.br\/site\/servicos\/","title":{"rendered":"Servi\u00e7os"},"content":{"rendered":"\t\t<div data-elementor-type=\"wp-page\" data-elementor-id=\"49\" class=\"elementor elementor-49\">\n\t\t\t\t\t\t<div class=\"elementor-inner\">\n\t\t\t\t<div class=\"elementor-section-wrap\">\n\t\t\t\t\t\t\t\t\t<section class=\"elementor-section elementor-top-section elementor-element elementor-element-411de8ec elementor-section-boxed elementor-section-height-default elementor-section-height-default\" data-id=\"411de8ec\" data-element_type=\"section\">\n\t\t\t\t\t\t<div class=\"elementor-container elementor-column-gap-default\">\n\t\t\t\t\t\t\t<div class=\"elementor-row\">\n\t\t\t\t\t<div class=\"elementor-column elementor-col-100 elementor-top-column elementor-element elementor-element-307e495e\" data-id=\"307e495e\" data-element_type=\"column\">\n\t\t\t<div class=\"elementor-column-wrap elementor-element-populated\">\n\t\t\t\t\t\t\t<div class=\"elementor-widget-wrap\">\n\t\t\t\t\t\t<div class=\"elementor-element elementor-element-1f9ac9a5 elementor-widget elementor-widget-text-editor\" data-id=\"1f9ac9a5\" data-element_type=\"widget\" data-widget_type=\"text-editor.default\">\n\t\t\t\t<div class=\"elementor-widget-container\">\n\t\t\t\t\t\t\t\t<div class=\"elementor-text-editor elementor-clearfix\">\n\t\t\t\t<p>Manuten\u00e7\u00e3o e recargas de extintores de inc\u00eandio port\u00e1teis e sobre rodas:<\/p><ul><li>Recarga de extintores de p\u00f3 BC<\/li><li>Recarga de extintores de p\u00f3 ABC<\/li><li>Recarga de extintores de \u00c1GUA<\/li><li>Recarga de extintores de CO2<\/li><li>Recarga de extintores de ESPUMA MEC\u00c2NICA<\/li><\/ul><p>Manuten\u00e7\u00e3o e recargas em cilindros de mergulho e respirador aut\u00f4nomo ( EPR )<\/p><p>Teste hidrost\u00e1tico em mangueiras de hidrantes.<\/p><p>Teste de vaz\u00e3o em rede de hidrantes.<\/p><p>Teste de press\u00e3o em rede de hidrantes.<\/p><p>Execu\u00e7\u00e3o\u00a0de Projeto Contra Inc\u00eandio.<\/p><p>Venda ilumina\u00e7\u00e3o de emerg\u00eancia.<\/p><p>Fornecimento de laudos e ART\u00b4s.<\/p><p>\u00a0<\/p>\t\t\t\t\t<\/div>\n\t\t\t\t\t\t<\/div>\n\t\t\t\t<\/div>\n\t\t\t\t\t\t<\/div>\n\t\t\t\t\t<\/div>\n\t\t<\/div>\n\t\t\t\t\t\t\t\t<\/div>\n\t\t\t\t\t<\/div>\n\t\t<\/section>\n\t\t\t\t\t\t\t\t\t<\/div>\n\t\t\t<\/div>\n\t\t\t\t\t<\/div>\n\t\t","protected":false},"excerpt":{"rendered":"<p>Manuten\u00e7\u00e3o e recargas de extintores de inc\u00eandio port\u00e1teis e sobre rodas: Recarga de extintores de p\u00f3 BC Recarga de extintores de p\u00f3 ABC Recarga de extintores de \u00c1GUA Recarga de extintores de CO2 Recarga de extintores de ESPUMA MEC\u00c2NICA Manuten\u00e7\u00e3o e recargas em cilindros de mergulho e respirador aut\u00f4nomo ( EPR ) Teste hidrost\u00e1tico em &#8230; <a title=\"Servi\u00e7os\" class=\"read-more\" href=\"https:\/\/extingoias.com.br\/site\/servicos\/\" aria-label=\"More on Servi\u00e7os\">Ler mais<\/a><\/p>\n","protected":false},"author":2,"featured_media":0,"parent":0,"menu_order":2,"comment_status":"closed","ping_status":"closed","template":"","meta":[],"_links":{"self":[{"href":"https:\/\/extingoias.com.br\/site\/wp-json\/wp\/v2\/pages\/49"}],"collection":[{"href":"https:\/\/extingoias.com.br\/site\/wp-json\/wp\/v2\/pages"}],"about":[{"href":"https:\/\/extingoias.com.br\/site\/wp-json\/wp\/v2\/types\/page"}],"author":[{"embeddable":true,"href":"https:\/\/extingoias.com.br\/site\/wp-json\/wp\/v2\/users\/2"}],"replies":[{"embeddable":true,"href":"https:\/\/extingoias.com.br\/site\/wp-json\/wp\/v2\/comments?post=49"}],"version-history":[{"count":13,"href":"https:\/\/extingoias.com.br\/site\/wp-json\/wp\/v2\/pages\/49\/revisions"}],"predecessor-version":[{"id":1744,"href":"https:\/\/extingoias.com.br\/site\/wp-json\/wp\/v2\/pages\/49\/revisions\/1744"}],"wp:attachment":[{"href":"https:\/\/extingoias.com.br\/site\/wp-json\/wp\/v2\/media?parent=49"}],"curies":[{"name":"wp","href":"https:\/\/api.w.org\/{rel}","templated":true}]}}