{"id":76,"date":"2012-02-22T13:28:50","date_gmt":"2012-02-22T13:28:50","guid":{"rendered":"https:\/\/extingoias.com.br\/site\/?page_id=76"},"modified":"2012-02-22T13:29:46","modified_gmt":"2012-02-22T13:29:46","slug":"telefones-uteis","status":"publish","type":"page","link":"https:\/\/extingoias.com.br\/site\/telefones-uteis\/","title":{"rendered":"Telefones Ut\u00e9is"},"content":{"rendered":"<div>\n<p><em>SERVI\u00c7OS P\u00daBLICOS DE EMERG\u00caNCIA<\/em><\/p>\n<ul>\n<li><em>100* &#8211; Secretaria dos Direitos Humanos <\/em><\/li>\n<li><em>128* &#8211; Servi\u00e7os de Emerg\u00eancia no \u00e2mbito do Mercosul <\/em><\/li>\n<li><em>180* &#8211; Delegacias Especializada de Atendimento \u00e0 Mulher <\/em><\/li>\n<li><em>181* &#8211; Disque Den\u00fancia <\/em><\/li>\n<li><em>190* &#8211; Pol\u00edcia Militar <\/em><\/li>\n<li><em>191* &#8211; Pol\u00edcia Rodovi\u00e1ria Federal <\/em><\/li>\n<li><em>192* &#8211; Servi\u00e7o P\u00fablico de Remo\u00e7\u00e3o de Doentes (ambul\u00e2ncia) <\/em><\/li>\n<li><em>193* &#8211; Corpo de Bombeiros <\/em><\/li>\n<li><em>197* &#8211; Pol\u00edcia Civil <\/em><\/li>\n<li><em>198* &#8211; Pol\u00edcia Rodovi\u00e1ria Estadual<\/em><\/li>\n<li><em>199* &#8211; Defesa Civil <\/em><\/li>\n<\/ul>\n<\/div>\n","protected":false},"excerpt":{"rendered":"<p>SERVI\u00c7OS P\u00daBLICOS DE EMERG\u00caNCIA 100* &#8211; Secretaria dos Direitos Humanos 128* &#8211; Servi\u00e7os de Emerg\u00eancia no \u00e2mbito do Mercosul 180* &#8211; Delegacias Especializada de Atendimento \u00e0 Mulher 181* &#8211; Disque Den\u00fancia 190* &#8211; Pol\u00edcia Militar 191* &#8211; Pol\u00edcia Rodovi\u00e1ria Federal 192* &#8211; Servi\u00e7o P\u00fablico de Remo\u00e7\u00e3o de Doentes (ambul\u00e2ncia) 193* &#8211; Corpo de Bombeiros 197* &#8230; <a title=\"Telefones Ut\u00e9is\" class=\"read-more\" href=\"https:\/\/extingoias.com.br\/site\/telefones-uteis\/\" aria-label=\"More on Telefones Ut\u00e9is\">Ler mais<\/a><\/p>\n","protected":false},"author":2,"featured_media":0,"parent":0,"menu_order":5,"comment_status":"closed","ping_status":"closed","template":"","meta":[],"_links":{"self":[{"href":"https:\/\/extingoias.com.br\/site\/wp-json\/wp\/v2\/pages\/76"}],"collection":[{"href":"https:\/\/extingoias.com.br\/site\/wp-json\/wp\/v2\/pages"}],"about":[{"href":"https:\/\/extingoias.com.br\/site\/wp-json\/wp\/v2\/types\/page"}],"author":[{"embeddable":true,"href":"https:\/\/extingoias.com.br\/site\/wp-json\/wp\/v2\/users\/2"}],"replies":[{"embeddable":true,"href":"https:\/\/extingoias.com.br\/site\/wp-json\/wp\/v2\/comments?post=76"}],"version-history":[{"count":2,"href":"https:\/\/extingoias.com.br\/site\/wp-json\/wp\/v2\/pages\/76\/revisions"}],"predecessor-version":[{"id":79,"href":"https:\/\/extingoias.com.br\/site\/wp-json\/wp\/v2\/pages\/76\/revisions\/79"}],"wp:attachment":[{"href":"https:\/\/extingoias.com.br\/site\/wp-json\/wp\/v2\/media?parent=76"}],"curies":[{"name":"wp","href":"https:\/\/api.w.org\/{rel}","templated":true}]}}